{"id":5927,"date":"2022-02-04T16:00:48","date_gmt":"2022-02-04T15:00:48","guid":{"rendered":"https:\/\/spiceup.coffee-marketing.com\/?page_id=5927"},"modified":"2023-02-02T17:40:03","modified_gmt":"2023-02-02T16:40:03","slug":"sandrine-nicoli","status":"publish","type":"page","link":"https:\/\/www.spiceup.fr\/en\/sandrine-nicoli\/","title":{"rendered":"Sandrine"},"content":{"rendered":"<p><div class=\"fusion-fullwidth fullwidth-box fusion-builder-row-1 fusion-flex-container nonhundred-percent-fullwidth non-hundred-percent-height-scrolling\" style=\"--awb-border-radius-top-left:0px;--awb-border-radius-top-right:0px;--awb-border-radius-bottom-right:0px;--awb-border-radius-bottom-left:0px;--awb-flex-wrap:wrap;\" ><div class=\"fusion-builder-row fusion-row fusion-flex-align-items-flex-start fusion-flex-content-wrap\" style=\"max-width:2288px;margin-left: calc(-4% \/ 2 );margin-right: calc(-4% \/ 2 );\"><div class=\"fusion-layout-column fusion_builder_column fusion-builder-column-0 fusion_builder_column_1_1 1_1 fusion-flex-column\" style=\"--awb-bg-size:cover;--awb-width-large:100%;--awb-margin-top-large:0px;--awb-spacing-right-large:1.92%;--awb-margin-bottom-large:20px;--awb-spacing-left-large:1.92%;--awb-width-medium:100%;--awb-order-medium:0;--awb-spacing-right-medium:1.92%;--awb-spacing-left-medium:1.92%;--awb-width-small:100%;--awb-order-small:0;--awb-spacing-right-small:1.92%;--awb-spacing-left-small:1.92%;\"><div class=\"fusion-column-wrapper fusion-column-has-shadow fusion-flex-justify-content-flex-start fusion-content-layout-column\"><\/div><\/div><\/div><\/div><div class=\"fusion-fullwidth fullwidth-box fusion-builder-row-2 fusion-flex-container nonhundred-percent-fullwidth non-hundred-percent-height-scrolling\" style=\"--awb-border-radius-top-left:0px;--awb-border-radius-top-right:0px;--awb-border-radius-bottom-right:0px;--awb-border-radius-bottom-left:0px;--awb-flex-wrap:wrap;\" ><div class=\"fusion-builder-row fusion-row fusion-flex-align-items-flex-start fusion-flex-content-wrap\" style=\"max-width:2288px;margin-left: calc(-4% \/ 2 );margin-right: calc(-4% \/ 2 );\"><div class=\"fusion-layout-column fusion_builder_column fusion-builder-column-1 fusion_builder_column_1_2 1_2 fusion-flex-column\" style=\"--awb-bg-size:cover;--awb-width-large:50%;--awb-margin-top-large:0px;--awb-spacing-right-large:3.84%;--awb-margin-bottom-large:20px;--awb-spacing-left-large:3.84%;--awb-width-medium:50%;--awb-order-medium:0;--awb-spacing-right-medium:3.84%;--awb-spacing-left-medium:3.84%;--awb-width-small:100%;--awb-order-small:0;--awb-spacing-right-small:1.92%;--awb-spacing-left-small:1.92%;\"><div class=\"fusion-column-wrapper fusion-column-has-shadow fusion-flex-justify-content-flex-start fusion-content-layout-column\"><div class=\"fusion-image-element\" style=\"text-align:center;--awb-caption-title-font-family:var(--h2_typography-font-family);--awb-caption-title-font-weight:var(--h2_typography-font-weight);--awb-caption-title-font-style:var(--h2_typography-font-style);--awb-caption-title-size:var(--h2_typography-font-size);--awb-caption-title-transform:var(--h2_typography-text-transform);--awb-caption-title-line-height:var(--h2_typography-line-height);--awb-caption-title-letter-spacing:var(--h2_typography-letter-spacing);\"><span class=\"fusion-imageframe imageframe-none imageframe-1 hover-type-none\"><img decoding=\"async\" width=\"575\" height=\"573\" title=\"Sandrine\" src=\"https:\/\/www.spiceup.fr\/wp-content\/uploads\/2022\/01\/Sandrine.jpg\" data-orig-src=\"https:\/\/www.spiceup.fr\/wp-content\/uploads\/2022\/01\/Sandrine.jpg\" alt class=\"lazyload img-responsive wp-image-5896\" srcset=\"data:image\/svg+xml,%3Csvg%20xmlns%3D%27http%3A%2F%2Fwww.w3.org%2F2000%2Fsvg%27%20width%3D%27575%27%20height%3D%27573%27%20viewBox%3D%270%200%20575%20573%27%3E%3Crect%20width%3D%27575%27%20height%3D%27573%27%20fill-opacity%3D%220%22%2F%3E%3C%2Fsvg%3E\" data-srcset=\"https:\/\/www.spiceup.fr\/wp-content\/uploads\/2022\/01\/Sandrine-200x199.jpg 200w, https:\/\/www.spiceup.fr\/wp-content\/uploads\/2022\/01\/Sandrine-400x399.jpg 400w, https:\/\/www.spiceup.fr\/wp-content\/uploads\/2022\/01\/Sandrine.jpg 575w\" data-sizes=\"auto\" data-orig-sizes=\"(max-width: 640px) 100vw, 575px\" \/><\/span><\/div><\/div><\/div><div class=\"fusion-layout-column fusion_builder_column fusion-builder-column-2 fusion_builder_column_1_2 1_2 fusion-flex-column\" style=\"--awb-padding-right:15%;--awb-bg-size:cover;--awb-width-large:50%;--awb-margin-top-large:0px;--awb-spacing-right-large:3.84%;--awb-margin-bottom-large:20px;--awb-spacing-left-large:3.84%;--awb-width-medium:50%;--awb-order-medium:0;--awb-spacing-right-medium:3.84%;--awb-spacing-left-medium:3.84%;--awb-width-small:100%;--awb-order-small:0;--awb-spacing-right-small:1.92%;--awb-spacing-left-small:1.92%;\"><div class=\"fusion-column-wrapper fusion-column-has-shadow fusion-flex-justify-content-flex-start fusion-content-layout-column\"><div class=\"fusion-text fusion-text-1\"><h1 style=\"font-weight: bold; line-height: 0.7em;\"><span style=\"font-size: 50px;\"><span style=\"font-size: 40px;\">Sandrine <\/span><span style=\"font-size: 40px; color: #d4084d;\">NICOLI<\/span><br \/>\n<span style=\"font-weight: 300; font-size: 25px; letter-spacing: 0px;\">Chief Financial Officer<\/span><\/span><\/h1>\n<\/div><div style=\"display: flex; align-items: flex-end;\">\n\n<a id=\"mailto-sandrine\" style=\"display: flex; align-items: center; cursor: pointer;\"><img class=\"lazyload\" decoding=\"async\" src=\"data:image\/gif;base64,R0lGODlhAQABAAAAACH5BAEKAAEALAAAAAABAAEAAAICTAEAOw==\" data-orig-src=\"\/wp-content\/uploads\/2023\/01\/mail-inbox-app-3.png\" style=\"width: 24px;\"><\/a>\n\n<\/div><div class=\"fusion-separator\" style=\"align-self: flex-start;margin-right:auto;margin-top:3%;margin-bottom:3%;width:100%;max-width:70%;\"><div class=\"fusion-separator-border sep-single sep-solid\" style=\"--awb-height:20px;--awb-amount:20px;--awb-sep-color:#d4084d;border-color:#d4084d;border-top-width:1px;\"><\/div><\/div><div class=\"fusion-text fusion-text-2\"><p class=\"translation-block\">Sandrine alias Sandy for short is the CFO that all event organizers dream of!<\/p>\n<p class=\"translation-block\">In addition to being a formidable accountant, Sandrine is an artist fan and wife! She can create an artistic concept in no time, inviting exceptional performers and make you vibrate to the sound of amazing DJs for an unforgettable evening!<\/p>\n<p class=\"translation-block\">Anecdote: she does not like the lazy\nbut love lemon tarts!<\/p>\n<\/div><div class=\"fusion-separator\" style=\"align-self: flex-start;margin-right:auto;margin-top:3%;margin-bottom:3%;width:100%;max-width:70%;\"><div class=\"fusion-separator-border sep-single sep-solid\" style=\"--awb-height:20px;--awb-amount:20px;--awb-sep-color:#d4084d;border-color:#d4084d;border-top-width:1px;\"><\/div><\/div><\/div><\/div><\/div><\/div><div class=\"fusion-fullwidth fullwidth-box fusion-builder-row-3 fusion-flex-container nonhundred-percent-fullwidth non-hundred-percent-height-scrolling\" style=\"--awb-border-radius-top-left:0px;--awb-border-radius-top-right:0px;--awb-border-radius-bottom-right:0px;--awb-border-radius-bottom-left:0px;--awb-padding-top:0px;--awb-padding-right:0px;--awb-padding-bottom:0px;--awb-padding-left:0px;--awb-margin-top:0px;--awb-margin-bottom:0px;--awb-flex-wrap:wrap;\" ><div class=\"fusion-builder-row fusion-row fusion-flex-align-items-flex-start fusion-flex-content-wrap\" style=\"max-width:2288px;margin-left: calc(-4% \/ 2 );margin-right: calc(-4% \/ 2 );\"><div class=\"fusion-layout-column fusion_builder_column fusion-builder-column-3 fusion_builder_column_1_1 1_1 fusion-flex-column fusion-animated\" style=\"--awb-padding-right:20%;--awb-padding-right-small:0px;--awb-bg-size:cover;--awb-width-large:100%;--awb-margin-top-large:0px;--awb-spacing-right-large:1.92%;--awb-margin-bottom-large:0px;--awb-spacing-left-large:1.92%;--awb-width-medium:100%;--awb-order-medium:0;--awb-spacing-right-medium:1.92%;--awb-spacing-left-medium:1.92%;--awb-width-small:100%;--awb-order-small:0;--awb-spacing-right-small:1.92%;--awb-spacing-left-small:1.92%;\" data-animationtype=\"bounceIn\" data-animationduration=\"1.0\" data-animationoffset=\"top-into-view\"><div class=\"fusion-column-wrapper fusion-column-has-shadow fusion-flex-justify-content-flex-start fusion-content-layout-column\"><p style=\"line-height:1.4em;font-size:19px;padding-top:90px;padding-bottom:120px;text-align:center;background-image: url('\/wp-content\/uploads\/2021\/07\/bg-bulle-1.jpg'); background-position:center; background-repeat: no-repeat; background-size: contain;\" class=\"translation-block\"><img style=\"margin-bottom:15px\" src=\"\/wp-content\/uploads\/2022\/01\/spiceup-icon-2.png\" alt=\"guillemets\"><br><span style=\"margin-bottom: 20px\">\u201c I wish you endless dreams and the furious <br>desire to achieve some of it. \u201d<br><\/span><span style=\"font-weight:bold;font-size:18px;line-height: 40px\">Jacques Brel<\/span><\/p><\/div><\/div><\/div><\/div><div class=\"fusion-fullwidth fullwidth-box fusion-builder-row-4 fusion-flex-container nonhundred-percent-fullwidth non-hundred-percent-height-scrolling\" style=\"--awb-border-radius-top-left:0px;--awb-border-radius-top-right:0px;--awb-border-radius-bottom-right:0px;--awb-border-radius-bottom-left:0px;--awb-padding-right:20%;--awb-padding-left:20%;--awb-margin-top:3%;--awb-flex-wrap:wrap;\" ><div class=\"fusion-builder-row fusion-row fusion-flex-align-items-flex-start fusion-flex-content-wrap\" style=\"max-width:2288px;margin-left: calc(-4% \/ 2 );margin-right: calc(-4% \/ 2 );\"><div class=\"fusion-layout-column fusion_builder_column fusion-builder-column-4 fusion_builder_column_1_1 1_1 fusion-flex-column\" style=\"--awb-bg-size:cover;--awb-width-large:100%;--awb-margin-top-large:0px;--awb-spacing-right-large:1.92%;--awb-margin-bottom-large:20px;--awb-spacing-left-large:1.92%;--awb-width-medium:100%;--awb-order-medium:0;--awb-spacing-right-medium:1.92%;--awb-spacing-left-medium:1.92%;--awb-width-small:100%;--awb-order-small:0;--awb-spacing-right-small:1.92%;--awb-spacing-left-small:1.92%;\"><div class=\"fusion-column-wrapper fusion-column-has-shadow fusion-flex-justify-content-flex-start fusion-content-layout-column\"><div class=\"fusion-image-carousel fusion-image-carousel-auto fusion-image-carousel-1\"><div class=\"awb-carousel awb-swiper awb-swiper-carousel awb-swiper-dots-position-bottom awb-carousel--carousel\" data-layout=\"carousel\" data-autoplay=\"yes\" data-autoplayspeed=\"2500\" data-autoplaypause=\"no\" data-columns=\"4\" data-itemmargin=\"52\" data-itemwidth=\"180\" data-touchscroll=\"no\" data-freemode=\"no\" data-imagesize=\"auto\" data-scrollitems=\"0\" data-centeredslides=\"no\" data-rotationangle=\"50\" data-depth=\"100\" data-speed=\"500\" data-shadow=\"no\" style=\"--awb-columns:4;--awb-column-spacing:52px;\"><div class=\"swiper-wrapper awb-image-carousel-wrapper fusion-flex-align-items-center\"><div class=\"swiper-slide\"><div class=\"fusion-carousel-item-wrapper\"><div class=\"fusion-image-wrapper hover-type-none\"><a href=\"\/en\/patrick-rocher\/\" target=\"_self\"><img decoding=\"async\" width=\"300\" height=\"352\" src=\"https:\/\/www.spiceup.fr\/wp-content\/uploads\/2021\/06\/patrick.png\" class=\"attachment-full size-full lazyload\" alt=\"\" srcset=\"data:image\/svg+xml,%3Csvg%20xmlns%3D%27http%3A%2F%2Fwww.w3.org%2F2000%2Fsvg%27%20width%3D%27300%27%20height%3D%27352%27%20viewBox%3D%270%200%20300%20352%27%3E%3Crect%20width%3D%27300%27%20height%3D%27352%27%20fill-opacity%3D%220%22%2F%3E%3C%2Fsvg%3E\" data-orig-src=\"https:\/\/www.spiceup.fr\/wp-content\/uploads\/2021\/06\/patrick.png\" data-srcset=\"https:\/\/www.spiceup.fr\/wp-content\/uploads\/2021\/06\/patrick-200x235.png 200w, https:\/\/www.spiceup.fr\/wp-content\/uploads\/2021\/06\/patrick.png 300w\" data-sizes=\"auto\" \/><\/a><\/div><\/div><\/div><div class=\"swiper-slide\"><div class=\"fusion-carousel-item-wrapper\"><div class=\"fusion-image-wrapper hover-type-none\"><a href=\"\/en\/celine-lezan\/\" target=\"_self\"><img decoding=\"async\" width=\"300\" height=\"348\" src=\"https:\/\/www.spiceup.fr\/wp-content\/uploads\/2021\/06\/celine.png\" class=\"attachment-full size-full lazyload\" alt=\"\" srcset=\"data:image\/svg+xml,%3Csvg%20xmlns%3D%27http%3A%2F%2Fwww.w3.org%2F2000%2Fsvg%27%20width%3D%27300%27%20height%3D%27348%27%20viewBox%3D%270%200%20300%20348%27%3E%3Crect%20width%3D%27300%27%20height%3D%27348%27%20fill-opacity%3D%220%22%2F%3E%3C%2Fsvg%3E\" data-orig-src=\"https:\/\/www.spiceup.fr\/wp-content\/uploads\/2021\/06\/celine.png\" data-srcset=\"https:\/\/www.spiceup.fr\/wp-content\/uploads\/2021\/06\/celine-200x232.png 200w, https:\/\/www.spiceup.fr\/wp-content\/uploads\/2021\/06\/celine.png 300w\" data-sizes=\"auto\" \/><\/a><\/div><\/div><\/div><div class=\"swiper-slide\"><div class=\"fusion-carousel-item-wrapper\"><div class=\"fusion-image-wrapper hover-type-none\"><a href=\"\/en\/thierry-coutant\/\" target=\"_self\"><img decoding=\"async\" width=\"300\" height=\"348\" src=\"https:\/\/www.spiceup.fr\/wp-content\/uploads\/2021\/06\/thierry-300.png\" class=\"attachment-full size-full lazyload\" alt=\"\" srcset=\"data:image\/svg+xml,%3Csvg%20xmlns%3D%27http%3A%2F%2Fwww.w3.org%2F2000%2Fsvg%27%20width%3D%27300%27%20height%3D%27348%27%20viewBox%3D%270%200%20300%20348%27%3E%3Crect%20width%3D%27300%27%20height%3D%27348%27%20fill-opacity%3D%220%22%2F%3E%3C%2Fsvg%3E\" data-orig-src=\"https:\/\/www.spiceup.fr\/wp-content\/uploads\/2021\/06\/thierry-300.png\" data-srcset=\"https:\/\/www.spiceup.fr\/wp-content\/uploads\/2021\/06\/thierry-300-200x232.png 200w, https:\/\/www.spiceup.fr\/wp-content\/uploads\/2021\/06\/thierry-300.png 300w\" data-sizes=\"auto\" \/><\/a><\/div><\/div><\/div><div class=\"swiper-slide\"><div class=\"fusion-carousel-item-wrapper\"><div class=\"fusion-image-wrapper hover-type-none\"><a href=\"\/en\/amandine-bonischot\/\" target=\"_self\"><img decoding=\"async\" width=\"300\" height=\"348\" src=\"https:\/\/www.spiceup.fr\/wp-content\/uploads\/2021\/06\/amandine.png\" class=\"attachment-full size-full lazyload\" alt=\"\" srcset=\"data:image\/svg+xml,%3Csvg%20xmlns%3D%27http%3A%2F%2Fwww.w3.org%2F2000%2Fsvg%27%20width%3D%27300%27%20height%3D%27348%27%20viewBox%3D%270%200%20300%20348%27%3E%3Crect%20width%3D%27300%27%20height%3D%27348%27%20fill-opacity%3D%220%22%2F%3E%3C%2Fsvg%3E\" data-orig-src=\"https:\/\/www.spiceup.fr\/wp-content\/uploads\/2021\/06\/amandine.png\" data-srcset=\"https:\/\/www.spiceup.fr\/wp-content\/uploads\/2021\/06\/amandine-200x232.png 200w, https:\/\/www.spiceup.fr\/wp-content\/uploads\/2021\/06\/amandine.png 300w\" data-sizes=\"auto\" \/><\/a><\/div><\/div><\/div><div class=\"swiper-slide\"><div class=\"fusion-carousel-item-wrapper\"><div class=\"fusion-image-wrapper hover-type-none\"><a href=\"\/en\/sandrine-nicoli\/\" target=\"_self\"><img decoding=\"async\" width=\"300\" height=\"352\" src=\"https:\/\/www.spiceup.fr\/wp-content\/uploads\/2021\/06\/sandrine.png\" class=\"attachment-full size-full lazyload\" alt=\"\" srcset=\"data:image\/svg+xml,%3Csvg%20xmlns%3D%27http%3A%2F%2Fwww.w3.org%2F2000%2Fsvg%27%20width%3D%27300%27%20height%3D%27352%27%20viewBox%3D%270%200%20300%20352%27%3E%3Crect%20width%3D%27300%27%20height%3D%27352%27%20fill-opacity%3D%220%22%2F%3E%3C%2Fsvg%3E\" data-orig-src=\"https:\/\/www.spiceup.fr\/wp-content\/uploads\/2021\/06\/sandrine.png\" data-srcset=\"https:\/\/www.spiceup.fr\/wp-content\/uploads\/2021\/06\/sandrine-200x235.png 200w, https:\/\/www.spiceup.fr\/wp-content\/uploads\/2021\/06\/sandrine.png 300w\" data-sizes=\"auto\" \/><\/a><\/div><\/div><\/div><div class=\"swiper-slide\"><div class=\"fusion-carousel-item-wrapper\"><div class=\"fusion-image-wrapper hover-type-none\"><a href=\"\/en\/flavia-pop\/\" target=\"_self\"><img decoding=\"async\" width=\"300\" height=\"352\" src=\"https:\/\/www.spiceup.fr\/wp-content\/uploads\/2021\/06\/flavia.png\" class=\"attachment-full size-full lazyload\" alt=\"\" srcset=\"data:image\/svg+xml,%3Csvg%20xmlns%3D%27http%3A%2F%2Fwww.w3.org%2F2000%2Fsvg%27%20width%3D%27300%27%20height%3D%27352%27%20viewBox%3D%270%200%20300%20352%27%3E%3Crect%20width%3D%27300%27%20height%3D%27352%27%20fill-opacity%3D%220%22%2F%3E%3C%2Fsvg%3E\" data-orig-src=\"https:\/\/www.spiceup.fr\/wp-content\/uploads\/2021\/06\/flavia.png\" data-srcset=\"https:\/\/www.spiceup.fr\/wp-content\/uploads\/2021\/06\/flavia-200x235.png 200w, https:\/\/www.spiceup.fr\/wp-content\/uploads\/2021\/06\/flavia.png 300w\" data-sizes=\"auto\" \/><\/a><\/div><\/div><\/div><div class=\"swiper-slide\"><div class=\"fusion-carousel-item-wrapper\"><div class=\"fusion-image-wrapper hover-type-none\"><a href=\"\/en\/lucile-phounsavath\/\" target=\"_self\"><img decoding=\"async\" width=\"300\" height=\"348\" src=\"https:\/\/www.spiceup.fr\/wp-content\/uploads\/2021\/06\/lucile-1.png\" class=\"attachment-full size-full lazyload\" alt=\"\" srcset=\"data:image\/svg+xml,%3Csvg%20xmlns%3D%27http%3A%2F%2Fwww.w3.org%2F2000%2Fsvg%27%20width%3D%27300%27%20height%3D%27348%27%20viewBox%3D%270%200%20300%20348%27%3E%3Crect%20width%3D%27300%27%20height%3D%27348%27%20fill-opacity%3D%220%22%2F%3E%3C%2Fsvg%3E\" data-orig-src=\"https:\/\/www.spiceup.fr\/wp-content\/uploads\/2021\/06\/lucile-1.png\" data-srcset=\"https:\/\/www.spiceup.fr\/wp-content\/uploads\/2021\/06\/lucile-1-200x232.png 200w, https:\/\/www.spiceup.fr\/wp-content\/uploads\/2021\/06\/lucile-1.png 300w\" data-sizes=\"auto\" \/><\/a><\/div><\/div><\/div><\/div><div class=\"awb-swiper-button awb-swiper-button-prev\"><i class=\"awb-icon-angle-left\" aria-hidden=\"true\"><\/i><\/div><div class=\"awb-swiper-button awb-swiper-button-next\"><i class=\"awb-icon-angle-right\" aria-hidden=\"true\"><\/i><\/div><\/div><\/div><\/div><\/div><\/div><\/div>\n<div class=\"fusion-fullwidth fullwidth-box fusion-builder-row-5 fusion-flex-container nonhundred-percent-fullwidth non-hundred-percent-height-scrolling\" style=\"--awb-border-radius-top-left:0px;--awb-border-radius-top-right:0px;--awb-border-radius-bottom-right:0px;--awb-border-radius-bottom-left:0px;--awb-flex-wrap:wrap;\" ><div class=\"fusion-builder-row fusion-row fusion-flex-align-items-flex-start fusion-flex-content-wrap\" style=\"max-width:2288px;margin-left: calc(-4% \/ 2 );margin-right: calc(-4% \/ 2 );\"><div class=\"fusion-layout-column fusion_builder_column fusion-builder-column-5 fusion_builder_column_1_1 1_1 fusion-flex-column\" style=\"--awb-bg-size:cover;--awb-width-large:100%;--awb-margin-top-large:0px;--awb-spacing-right-large:1.92%;--awb-margin-bottom-large:20px;--awb-spacing-left-large:1.92%;--awb-width-medium:100%;--awb-order-medium:0;--awb-spacing-right-medium:1.92%;--awb-spacing-left-medium:1.92%;--awb-width-small:100%;--awb-order-small:0;--awb-spacing-right-small:1.92%;--awb-spacing-left-small:1.92%;\"><div class=\"fusion-column-wrapper fusion-column-has-shadow fusion-flex-justify-content-flex-start fusion-content-layout-column\"><div class=\"fusion-text fusion-text-3\"><p style=\"text-align: center; font-size: 24px; letter-spacing: 0px;\">Want to work with us?<\/p>\n<\/div><div class=\"fusion-image-element\" style=\"text-align:center;--awb-caption-title-font-family:var(--h2_typography-font-family);--awb-caption-title-font-weight:var(--h2_typography-font-weight);--awb-caption-title-font-style:var(--h2_typography-font-style);--awb-caption-title-size:var(--h2_typography-font-size);--awb-caption-title-transform:var(--h2_typography-text-transform);--awb-caption-title-line-height:var(--h2_typography-line-height);--awb-caption-title-letter-spacing:var(--h2_typography-letter-spacing);\"><span class=\"fusion-imageframe imageframe-none imageframe-2 hover-type-zoomin\"><a class=\"fusion-no-lightbox\" href=\"\/en\/contact-agence-evenementielle-paris-cannes-monaco\/\" target=\"_self\" aria-label=\"btn-contact-170\"><img decoding=\"async\" width=\"170\" height=\"170\" src=\"data:image\/svg+xml,%3Csvg%20xmlns%3D%27http%3A%2F%2Fwww.w3.org%2F2000%2Fsvg%27%20width%3D%27170%27%20height%3D%27170%27%20viewBox%3D%270%200%20170%20170%27%3E%3Crect%20width%3D%27170%27%20height%3D%27170%27%20fill-opacity%3D%220%22%2F%3E%3C%2Fsvg%3E\" data-orig-src=\"https:\/\/www.spiceup.fr\/wp-content\/uploads\/2021\/07\/btn-contact-170.jpg\" alt class=\"lazyload img-responsive wp-image-5408\"\/><\/a><\/span><\/div><div style=\"text-align:center;\"><a class=\"fusion-button button-flat fusion-button-default-size button-custom fusion-button-default button-1 fusion-button-default-span fusion-button-default-type\" style=\"--button_accent_color:#ffffff;--button_accent_hover_color:#ffffff;--button_border_hover_color:#ffffff;--button-border-radius-top-left:40px;--button-border-radius-top-right:40px;--button-border-radius-bottom-right:40px;--button-border-radius-bottom-left:40px;--button_gradient_top_color:#ef7c1a;--button_gradient_bottom_color:#ef7c1a;--button_gradient_top_color_hover:rgba(239,124,26,0.8);--button_gradient_bottom_color_hover:rgba(239,124,26,0.8);--button_margin-top:1%;\" target=\"_self\" href=\"\/en\/contact-agence-evenementielle-paris-cannes-monaco\/\"><span class=\"fusion-button-text awb-button__text awb-button__text--default\">CONTACT US<\/span><\/a><\/div><\/div><\/div><\/div><\/div><\/p>","protected":false},"excerpt":{"rendered":"","protected":false},"author":2,"featured_media":0,"parent":0,"menu_order":0,"comment_status":"closed","ping_status":"closed","template":"","meta":{"footnotes":""},"class_list":["post-5927","page","type-page","status-publish","hentry"],"yoast_head":"<!-- This site is optimized with the Yoast SEO plugin v26.0 - https:\/\/yoast.com\/wordpress\/plugins\/seo\/ -->\n<title>Spiceup | Sandrine Nicoli<\/title>\n<meta name=\"description\" content=\"Sandrine alias Sandy pour les intimes est la directrice financi\u00e8re que toutes les agences \u00e9v\u00e9nementielles r\u00eaveraient d\u2019avoir!\" \/>\n<meta name=\"robots\" content=\"index, follow, max-snippet:-1, max-image-preview:large, max-video-preview:-1\" \/>\n<link rel=\"canonical\" href=\"https:\/\/www.spiceup.fr\/en\/sandrine-nicoli\/\" \/>\n<meta property=\"og:locale\" content=\"en_GB\" \/>\n<meta property=\"og:type\" content=\"article\" \/>\n<meta property=\"og:title\" content=\"Spiceup | Sandrine Nicoli\" \/>\n<meta property=\"og:description\" content=\"Sandrine alias Sandy pour les intimes est la directrice financi\u00e8re que toutes les agences \u00e9v\u00e9nementielles r\u00eaveraient d\u2019avoir!\" \/>\n<meta property=\"og:url\" content=\"https:\/\/www.spiceup.fr\/en\/sandrine-nicoli\/\" \/>\n<meta property=\"og:site_name\" content=\"Spice up\" \/>\n<meta property=\"article:modified_time\" content=\"2023-02-02T16:40:03+00:00\" \/>\n<meta name=\"twitter:card\" content=\"summary_large_image\" \/>\n<meta name=\"twitter:label1\" content=\"Estimated reading time\" \/>\n\t<meta name=\"twitter:data1\" content=\"5 minutes\" \/>\n<script type=\"application\/ld+json\" class=\"yoast-schema-graph\">{\"@context\":\"https:\/\/schema.org\",\"@graph\":[{\"@type\":\"WebPage\",\"@id\":\"https:\/\/www.spiceup.fr\/sandrine-nicoli\/\",\"url\":\"https:\/\/www.spiceup.fr\/sandrine-nicoli\/\",\"name\":\"Spiceup | Sandrine Nicoli\",\"isPartOf\":{\"@id\":\"https:\/\/www.spiceup.fr\/#website\"},\"datePublished\":\"2022-02-04T15:00:48+00:00\",\"dateModified\":\"2023-02-02T16:40:03+00:00\",\"description\":\"Sandrine alias Sandy pour les intimes est la directrice financi\u00e8re que toutes les agences \u00e9v\u00e9nementielles r\u00eaveraient d\u2019avoir!\",\"breadcrumb\":{\"@id\":\"https:\/\/www.spiceup.fr\/sandrine-nicoli\/#breadcrumb\"},\"inLanguage\":\"en-GB\",\"potentialAction\":[{\"@type\":\"ReadAction\",\"target\":[\"https:\/\/www.spiceup.fr\/sandrine-nicoli\/\"]}]},{\"@type\":\"BreadcrumbList\",\"@id\":\"https:\/\/www.spiceup.fr\/sandrine-nicoli\/#breadcrumb\",\"itemListElement\":[{\"@type\":\"ListItem\",\"position\":1,\"name\":\"Home\",\"item\":\"https:\/\/www.spiceup.fr\/\"},{\"@type\":\"ListItem\",\"position\":2,\"name\":\"Sandrine\"}]},{\"@type\":\"WebSite\",\"@id\":\"https:\/\/www.spiceup.fr\/#website\",\"url\":\"https:\/\/www.spiceup.fr\/\",\"name\":\"Spice up\",\"description\":\"Un site utilisant WordPress\",\"potentialAction\":[{\"@type\":\"SearchAction\",\"target\":{\"@type\":\"EntryPoint\",\"urlTemplate\":\"https:\/\/www.spiceup.fr\/?s={search_term_string}\"},\"query-input\":{\"@type\":\"PropertyValueSpecification\",\"valueRequired\":true,\"valueName\":\"search_term_string\"}}],\"inLanguage\":\"en-GB\"}]}<\/script>\n<!-- \/ Yoast SEO plugin. -->","yoast_head_json":{"title":"Spiceup | Sandrine Nicoli","description":"Sandrine alias Sandy pour les intimes est la directrice financi\u00e8re que toutes les agences \u00e9v\u00e9nementielles r\u00eaveraient d\u2019avoir!","robots":{"index":"index","follow":"follow","max-snippet":"max-snippet:-1","max-image-preview":"max-image-preview:large","max-video-preview":"max-video-preview:-1"},"canonical":"https:\/\/www.spiceup.fr\/en\/sandrine-nicoli\/","og_locale":"en_GB","og_type":"article","og_title":"Spiceup | Sandrine Nicoli","og_description":"Sandrine alias Sandy pour les intimes est la directrice financi\u00e8re que toutes les agences \u00e9v\u00e9nementielles r\u00eaveraient d\u2019avoir!","og_url":"https:\/\/www.spiceup.fr\/en\/sandrine-nicoli\/","og_site_name":"Spice up","article_modified_time":"2023-02-02T16:40:03+00:00","twitter_card":"summary_large_image","twitter_misc":{"Estimated reading time":"5 minutes"},"schema":{"@context":"https:\/\/schema.org","@graph":[{"@type":"WebPage","@id":"https:\/\/www.spiceup.fr\/sandrine-nicoli\/","url":"https:\/\/www.spiceup.fr\/sandrine-nicoli\/","name":"Spiceup | Sandrine Nicoli","isPartOf":{"@id":"https:\/\/www.spiceup.fr\/#website"},"datePublished":"2022-02-04T15:00:48+00:00","dateModified":"2023-02-02T16:40:03+00:00","description":"Sandrine alias Sandy pour les intimes est la directrice financi\u00e8re que toutes les agences \u00e9v\u00e9nementielles r\u00eaveraient d\u2019avoir!","breadcrumb":{"@id":"https:\/\/www.spiceup.fr\/sandrine-nicoli\/#breadcrumb"},"inLanguage":"en-GB","potentialAction":[{"@type":"ReadAction","target":["https:\/\/www.spiceup.fr\/sandrine-nicoli\/"]}]},{"@type":"BreadcrumbList","@id":"https:\/\/www.spiceup.fr\/sandrine-nicoli\/#breadcrumb","itemListElement":[{"@type":"ListItem","position":1,"name":"Home","item":"https:\/\/www.spiceup.fr\/"},{"@type":"ListItem","position":2,"name":"Sandrine"}]},{"@type":"WebSite","@id":"https:\/\/www.spiceup.fr\/#website","url":"https:\/\/www.spiceup.fr\/","name":"Spice up","description":"Un site utilisant WordPress","potentialAction":[{"@type":"SearchAction","target":{"@type":"EntryPoint","urlTemplate":"https:\/\/www.spiceup.fr\/?s={search_term_string}"},"query-input":{"@type":"PropertyValueSpecification","valueRequired":true,"valueName":"search_term_string"}}],"inLanguage":"en-GB"}]}},"_links":{"self":[{"href":"https:\/\/www.spiceup.fr\/en\/wp-json\/wp\/v2\/pages\/5927","targetHints":{"allow":["GET"]}}],"collection":[{"href":"https:\/\/www.spiceup.fr\/en\/wp-json\/wp\/v2\/pages"}],"about":[{"href":"https:\/\/www.spiceup.fr\/en\/wp-json\/wp\/v2\/types\/page"}],"author":[{"embeddable":true,"href":"https:\/\/www.spiceup.fr\/en\/wp-json\/wp\/v2\/users\/2"}],"replies":[{"embeddable":true,"href":"https:\/\/www.spiceup.fr\/en\/wp-json\/wp\/v2\/comments?post=5927"}],"version-history":[{"count":31,"href":"https:\/\/www.spiceup.fr\/en\/wp-json\/wp\/v2\/pages\/5927\/revisions"}],"predecessor-version":[{"id":8148,"href":"https:\/\/www.spiceup.fr\/en\/wp-json\/wp\/v2\/pages\/5927\/revisions\/8148"}],"wp:attachment":[{"href":"https:\/\/www.spiceup.fr\/en\/wp-json\/wp\/v2\/media?parent=5927"}],"curies":[{"name":"wp","href":"https:\/\/api.w.org\/{rel}","templated":true}]}}