{"id":5589,"date":"2021-07-12T14:19:19","date_gmt":"2021-07-12T12:19:19","guid":{"rendered":"https:\/\/spiceup.coffee-marketing.com\/?page_id=5589"},"modified":"2023-02-02T17:36:25","modified_gmt":"2023-02-02T16:36:25","slug":"mentions-legales","status":"publish","type":"page","link":"https:\/\/www.spiceup.fr\/en\/mentions-legales\/","title":{"rendered":"Legal Notice"},"content":{"rendered":"<div class=\"fusion-fullwidth fullwidth-box fusion-builder-row-1 fusion-flex-container nonhundred-percent-fullwidth non-hundred-percent-height-scrolling\" style=\"--awb-border-radius-top-left:0px;--awb-border-radius-top-right:0px;--awb-border-radius-bottom-right:0px;--awb-border-radius-bottom-left:0px;--awb-padding-right:15%;--awb-padding-left:15%;--awb-flex-wrap:wrap;\" ><div class=\"fusion-builder-row fusion-row fusion-flex-align-items-flex-start fusion-flex-content-wrap\" style=\"max-width:2288px;margin-left: calc(-4% \/ 2 );margin-right: calc(-4% \/ 2 );\"><div class=\"fusion-layout-column fusion_builder_column fusion-builder-column-0 fusion_builder_column_1_1 1_1 fusion-flex-column\" style=\"--awb-bg-size:cover;--awb-width-large:100%;--awb-margin-top-large:0px;--awb-spacing-right-large:1.92%;--awb-margin-bottom-large:20px;--awb-spacing-left-large:1.92%;--awb-width-medium:100%;--awb-order-medium:0;--awb-spacing-right-medium:1.92%;--awb-spacing-left-medium:1.92%;--awb-width-small:100%;--awb-order-small:0;--awb-spacing-right-small:1.92%;--awb-spacing-left-small:1.92%;\"><div class=\"fusion-column-wrapper fusion-column-has-shadow fusion-flex-justify-content-flex-start fusion-content-layout-column\"><div class=\"fusion-text fusion-text-1\"><p>SPICE UP SARL is a company with a capital of 40 000 \u20ac, having its registered office in Paris (75), 20 rue Cambon, 75 001 Paris, registered in the Trade and Companies Register of Paris on October 5, 2007, under the number 500 247 481 R.C.S. Paris, management No:  2007B20366.<\/p>\n<\/div><div class=\"fusion-text fusion-text-2\"><p>SIREN\u00a0: 500 247 481<\/p>\n<\/div><div class=\"fusion-text fusion-text-3\"><p>SIRET : 500 247 481 00012<\/p>\n<\/div><div class=\"fusion-text fusion-text-4\"><p>APE : 741 J<\/p>\n<\/div><div class=\"fusion-text fusion-text-5\"><p>Business Intercommunity VAT No : FR 68 500 247 481<\/p>\n<\/div><div class=\"fusion-text fusion-text-6\"><h2 style=\"margin-top: 15px;\">WEBSITE EDITOR<\/h2>\n<\/div><div class=\"fusion-text fusion-text-7\"><p>Patrick Rocher \u2013 Spice Up<\/p>\n<p>20 rue Cambon<\/p>\n<p>75 001 Paris<\/p>\n<p>France<\/p>\n<p>www.spiceup.fr<\/p>\n<\/div><div class=\"fusion-text fusion-text-8\"><h2 style=\"margin-top: 15px;\">DESIGN &amp; DEVELOPMENT<\/h2>\n<\/div><div class=\"fusion-text fusion-text-9\"><p>Art director : Spice Up Agency<br \/>\nWebsite conception : <a href=\"https:\/\/coffee-marketing.fr\/\" target=\"_blank\" rel=\"noopener\">Coffee Marketing<\/a><\/p>\n<\/div><div class=\"fusion-text fusion-text-10\"><h2 style=\"margin-top: 15px;\">PHOTOS CREDIT<\/h2>\n<\/div><div class=\"fusion-text fusion-text-11\"><p>Any production or reproduction of the information contained in this site, in whole or partial, is strictly forbidden<\/p>\n<\/div><div class=\"fusion-text fusion-text-12\"><h2 style=\"margin-top: 15px;\">COPYRIGHT<\/h2>\n<\/div><div class=\"fusion-text fusion-text-13\"><p>All rights of the whole site are strictly reserved.<\/p>\n<p>Therefore, any production or reproduction of the information contained in this site, in whole or partial, on whatever media, is strictly forbidden unless express written authorization from the publication manager. Copies are for information purposes only.<\/p>\n<\/div><div class=\"fusion-text fusion-text-14\"><p>The website www.spiceup.fr allows a hypertext link pointing the cursor toward its content provided the deep linking is not used. This means the pages of the website www.spiceup.fr shall not be overlapped inside the pages of another website but can be reached opening a window ; indicate the source www.spiceup.fr of the content aimed at.<\/p>\n<\/div><div class=\"fusion-text fusion-text-15\"><p>This authorization does not apply to the websites spreading information considered as polemical, pornographic, xenophobic or likely to affect, to a wide extent, the sensitivity of a large number or the public order. Private Life and Personal Data Protection<\/p>\n<\/div><div class=\"fusion-text fusion-text-16\"><p>Users are informed that personal data collected in contact forms, personalized services or any other questionnaire are processed automatically by www.spiceup.fr. Information collected is strictly confidential and are meant to be exclusively used by members and www.spiceup.fr ;<\/p>\n<\/div><div class=\"fusion-text fusion-text-17\"><p>Some specific information required in the forms online are compulsory. In case of a wrong capture, the information is not sent to www.spiceup.fr.<\/p>\n<\/div><div class=\"fusion-text fusion-text-18\"><p>In accordance with the Data Protection Act of January 6, 1978 amended by the law of August 6, 2004 (articles 38 to 43 of law n\u00b0 78-17 of January 6, 1978 relating to data processing, files and freedoms), the this site has been declared to the National Commission for Computing and Liberties (CNIL). You have the right to access and rectify data concerning you by writing to Spice Up, 20 Rue Cambon, 75 001 Paris, France.<\/p>\n<\/div><div class=\"fusion-text fusion-text-19\"><p>For any information about the protection of personal data, you can consult the site of the French Data Protection Authority: www.cnil.fr.<\/p>\n<\/div><div class=\"fusion-text fusion-text-20\"><h2 style=\"margin-top: 15px;\">WEB HOSTING<\/h2>\n<\/div><div class=\"fusion-text fusion-text-21\"><p>OVH<br \/>\nSAS with a capital of 10 069 020 \u20ac<br \/>\nRCS Lille M\u00e9tropole 424 761 419 00045<br \/>\nAPE CODE 2620Z<br \/>\nVAT No : FR 22 424 761 419<br \/>\nHead office : 2 rue Kellermann \u2013 59100 Roubaix \u2013 France<\/p>\n<\/div><\/div><\/div><\/div><\/div>","protected":false},"excerpt":{"rendered":"","protected":false},"author":2,"featured_media":0,"parent":0,"menu_order":0,"comment_status":"closed","ping_status":"closed","template":"","meta":{"footnotes":""},"class_list":["post-5589","page","type-page","status-publish","hentry"],"yoast_head":"<!-- This site is optimized with the Yoast SEO plugin v26.0 - https:\/\/yoast.com\/wordpress\/plugins\/seo\/ -->\n<title>Spiceup | Mentions l\u00e9gales<\/title>\n<meta name=\"description\" content=\"Les droits de reproduction et de repr\u00e9sentation de l\u2019ensemble des \u0153uvres repr\u00e9sent\u00e9es sur le site sont strictement r\u00e9serv\u00e9s.\" \/>\n<meta name=\"robots\" content=\"index, follow, max-snippet:-1, max-image-preview:large, max-video-preview:-1\" \/>\n<link rel=\"canonical\" href=\"https:\/\/www.spiceup.fr\/en\/mentions-legales\/\" \/>\n<meta property=\"og:locale\" content=\"en_GB\" \/>\n<meta property=\"og:type\" content=\"article\" \/>\n<meta property=\"og:title\" content=\"Spiceup | Mentions l\u00e9gales\" \/>\n<meta property=\"og:description\" content=\"Les droits de reproduction et de repr\u00e9sentation de l\u2019ensemble des \u0153uvres repr\u00e9sent\u00e9es sur le site sont strictement r\u00e9serv\u00e9s.\" \/>\n<meta property=\"og:url\" content=\"https:\/\/www.spiceup.fr\/en\/mentions-legales\/\" \/>\n<meta property=\"og:site_name\" content=\"Spice up\" \/>\n<meta property=\"article:modified_time\" content=\"2023-02-02T16:36:25+00:00\" \/>\n<meta name=\"twitter:card\" content=\"summary_large_image\" \/>\n<meta name=\"twitter:label1\" content=\"Estimated reading time\" \/>\n\t<meta name=\"twitter:data1\" content=\"7 minutes\" \/>\n<script type=\"application\/ld+json\" class=\"yoast-schema-graph\">{\"@context\":\"https:\/\/schema.org\",\"@graph\":[{\"@type\":\"WebPage\",\"@id\":\"https:\/\/www.spiceup.fr\/mentions-legales\/\",\"url\":\"https:\/\/www.spiceup.fr\/mentions-legales\/\",\"name\":\"Spiceup | Mentions l\u00e9gales\",\"isPartOf\":{\"@id\":\"https:\/\/www.spiceup.fr\/#website\"},\"datePublished\":\"2021-07-12T12:19:19+00:00\",\"dateModified\":\"2023-02-02T16:36:25+00:00\",\"description\":\"Les droits de reproduction et de repr\u00e9sentation de l\u2019ensemble des \u0153uvres repr\u00e9sent\u00e9es sur le site sont strictement r\u00e9serv\u00e9s.\",\"breadcrumb\":{\"@id\":\"https:\/\/www.spiceup.fr\/mentions-legales\/#breadcrumb\"},\"inLanguage\":\"en-GB\",\"potentialAction\":[{\"@type\":\"ReadAction\",\"target\":[\"https:\/\/www.spiceup.fr\/mentions-legales\/\"]}]},{\"@type\":\"BreadcrumbList\",\"@id\":\"https:\/\/www.spiceup.fr\/mentions-legales\/#breadcrumb\",\"itemListElement\":[{\"@type\":\"ListItem\",\"position\":1,\"name\":\"Home\",\"item\":\"https:\/\/www.spiceup.fr\/\"},{\"@type\":\"ListItem\",\"position\":2,\"name\":\"Mentions L\u00e9gales\"}]},{\"@type\":\"WebSite\",\"@id\":\"https:\/\/www.spiceup.fr\/#website\",\"url\":\"https:\/\/www.spiceup.fr\/\",\"name\":\"Spice up\",\"description\":\"Un site utilisant WordPress\",\"potentialAction\":[{\"@type\":\"SearchAction\",\"target\":{\"@type\":\"EntryPoint\",\"urlTemplate\":\"https:\/\/www.spiceup.fr\/?s={search_term_string}\"},\"query-input\":{\"@type\":\"PropertyValueSpecification\",\"valueRequired\":true,\"valueName\":\"search_term_string\"}}],\"inLanguage\":\"en-GB\"}]}<\/script>\n<!-- \/ Yoast SEO plugin. -->","yoast_head_json":{"title":"Spiceup | Mentions l\u00e9gales","description":"Les droits de reproduction et de repr\u00e9sentation de l\u2019ensemble des \u0153uvres repr\u00e9sent\u00e9es sur le site sont strictement r\u00e9serv\u00e9s.","robots":{"index":"index","follow":"follow","max-snippet":"max-snippet:-1","max-image-preview":"max-image-preview:large","max-video-preview":"max-video-preview:-1"},"canonical":"https:\/\/www.spiceup.fr\/en\/mentions-legales\/","og_locale":"en_GB","og_type":"article","og_title":"Spiceup | Mentions l\u00e9gales","og_description":"Les droits de reproduction et de repr\u00e9sentation de l\u2019ensemble des \u0153uvres repr\u00e9sent\u00e9es sur le site sont strictement r\u00e9serv\u00e9s.","og_url":"https:\/\/www.spiceup.fr\/en\/mentions-legales\/","og_site_name":"Spice up","article_modified_time":"2023-02-02T16:36:25+00:00","twitter_card":"summary_large_image","twitter_misc":{"Estimated reading time":"7 minutes"},"schema":{"@context":"https:\/\/schema.org","@graph":[{"@type":"WebPage","@id":"https:\/\/www.spiceup.fr\/mentions-legales\/","url":"https:\/\/www.spiceup.fr\/mentions-legales\/","name":"Spiceup | Mentions l\u00e9gales","isPartOf":{"@id":"https:\/\/www.spiceup.fr\/#website"},"datePublished":"2021-07-12T12:19:19+00:00","dateModified":"2023-02-02T16:36:25+00:00","description":"Les droits de reproduction et de repr\u00e9sentation de l\u2019ensemble des \u0153uvres repr\u00e9sent\u00e9es sur le site sont strictement r\u00e9serv\u00e9s.","breadcrumb":{"@id":"https:\/\/www.spiceup.fr\/mentions-legales\/#breadcrumb"},"inLanguage":"en-GB","potentialAction":[{"@type":"ReadAction","target":["https:\/\/www.spiceup.fr\/mentions-legales\/"]}]},{"@type":"BreadcrumbList","@id":"https:\/\/www.spiceup.fr\/mentions-legales\/#breadcrumb","itemListElement":[{"@type":"ListItem","position":1,"name":"Home","item":"https:\/\/www.spiceup.fr\/"},{"@type":"ListItem","position":2,"name":"Mentions L\u00e9gales"}]},{"@type":"WebSite","@id":"https:\/\/www.spiceup.fr\/#website","url":"https:\/\/www.spiceup.fr\/","name":"Spice up","description":"Un site utilisant WordPress","potentialAction":[{"@type":"SearchAction","target":{"@type":"EntryPoint","urlTemplate":"https:\/\/www.spiceup.fr\/?s={search_term_string}"},"query-input":{"@type":"PropertyValueSpecification","valueRequired":true,"valueName":"search_term_string"}}],"inLanguage":"en-GB"}]}},"_links":{"self":[{"href":"https:\/\/www.spiceup.fr\/en\/wp-json\/wp\/v2\/pages\/5589","targetHints":{"allow":["GET"]}}],"collection":[{"href":"https:\/\/www.spiceup.fr\/en\/wp-json\/wp\/v2\/pages"}],"about":[{"href":"https:\/\/www.spiceup.fr\/en\/wp-json\/wp\/v2\/types\/page"}],"author":[{"embeddable":true,"href":"https:\/\/www.spiceup.fr\/en\/wp-json\/wp\/v2\/users\/2"}],"replies":[{"embeddable":true,"href":"https:\/\/www.spiceup.fr\/en\/wp-json\/wp\/v2\/comments?post=5589"}],"version-history":[{"count":17,"href":"https:\/\/www.spiceup.fr\/en\/wp-json\/wp\/v2\/pages\/5589\/revisions"}],"predecessor-version":[{"id":8145,"href":"https:\/\/www.spiceup.fr\/en\/wp-json\/wp\/v2\/pages\/5589\/revisions\/8145"}],"wp:attachment":[{"href":"https:\/\/www.spiceup.fr\/en\/wp-json\/wp\/v2\/media?parent=5589"}],"curies":[{"name":"wp","href":"https:\/\/api.w.org\/{rel}","templated":true}]}}